{"id":990,"date":"2024-08-09T11:13:16","date_gmt":"2024-08-09T14:13:16","guid":{"rendered":"https:\/\/ercim.ibict.br\/?page_id=990"},"modified":"2024-08-09T11:27:21","modified_gmt":"2024-08-09T14:27:21","slug":"noticia","status":"publish","type":"page","link":"https:\/\/ercim.ibict.br\/es\/noticia\/","title":{"rendered":"Noticias"},"content":{"rendered":"<h4 class=\"wp-block-heading\"><a>II Encuentro de Revistas de Ciencias de la Informaci\u00f3n del Mercosur (II ERCIM) y I Foro Internacional de Editores de Revistas Cient\u00edficas (I FIERCI), 10-13 de septiembre de 2024, Brasilia, Brasil<\/a><\/h4>\n\n\n\n<br>\n\n\n\n<p>El II Encuentro de Revistas de Ciencias de la Informaci\u00f3n del Mercosur (II ERCIM) y I Foro Internacional de Editores de Revistas Cient\u00edficas (I FIERCI) es una iniciativa de la Coordinaci\u00f3n General de Informaci\u00f3n Tecnol\u00f3gica e Informaci\u00f3n para la Sociedad (CGIT), m\u00e1s espec\u00edficamente del Sector de Edici\u00f3n Cient\u00edfica, Publicaciones Seriadas (SEDIT), del Instituto Brasile\u00f1o de Informaci\u00f3n en Ciencia y Tecnolog\u00eda (Ibict).<\/p>\n\n\n\n<p>El II ERCIM y el I FIERCI pretenden reunir a editores de revistas interesados en debatir cuestiones relacionadas con la edici\u00f3n cient\u00edfica, en cuanto a los procesos de env\u00edo, evaluaci\u00f3n y publicaci\u00f3n. Para ello, ha establecido los siguientes ejes tem\u00e1ticos: Ciencia Abierta y Acceso Abierto; Evaluaci\u00f3n de la Calidad y M\u00e9tricas de Impacto; Innovaciones Editoriales; \u00c9tica en la Edici\u00f3n Cient\u00edfica; Diversidad, Equidad, Inclusi\u00f3n y Accesibilidad (DEIA) en la Edici\u00f3n Cient\u00edfica; Retos y Oportunidades en la Edici\u00f3n Cient\u00edfica; Internacionalizaci\u00f3n y Colaboraci\u00f3n Cient\u00edfica; Evoluci\u00f3n Tecnol\u00f3gica y Herramientas Editoriales; Postproducci\u00f3n de Revistas; Financiaci\u00f3n y Sostenibilidad.<\/p>\n\n\n\n<p>Seg\u00fan Polyana Penna -una de las editoras de SEDIT y organizadora de los actos- ser\u00e1 una oportunidad para compartir buenas pr\u00e1cticas editoriales y reflexionar sobre cuestiones importantes que buscan mejorar los procesos editoriales a corto, medio y largo plazo.<\/p>\n\n\n\n<p>En el contexto actual, los editores cient\u00edficos se enfrentan a numerosos retos, entre ellos: el uso de la inteligencia artificial para producir art\u00edculos cient\u00edficos, la proliferaci\u00f3n de revistas depredadoras, el uso de nuevos formatos y canales de difusi\u00f3n.<\/p>\n\n\n\n<p>Los eventos cuentan con el apoyo y la participaci\u00f3n de <em>Royal Society<\/em>, <em>Scientific Electronic Library Online<\/em> (SciELO), la Asociaci\u00f3n Brasile\u00f1a de Editoriales Cient\u00edficas (ABEC), la Asociaci\u00f3n de Investigaci\u00f3n y Posgrado en Ciencias de la Informaci\u00f3n (ANCIB) y la Asociaci\u00f3n de Universidades del Grupo Montevideo (AUGM).<\/p>\n\n\n\n<p>Seg\u00fan Polyana Penna, \"recuperamos la segunda edici\u00f3n del Encuentro y ampliamos su alcance con la celebraci\u00f3n de la primera edici\u00f3n del Foro Internacional, cuyo objetivo es acercar las relaciones t\u00e9cnico-cient\u00edficas a la actividad editorial cient\u00edfica de los distintos pa\u00edses\".<\/p>\n\n\n\n<p>Los eventos se retransmitir\u00e1n en directo por el canal de <a href=\"https:\/\/www.youtube.com\/@IBICTbr\" data-type=\"link\" data-id=\"https:\/\/www.youtube.com\/@IBICTbr\">YouTube do Ibict<\/a>con traducci\u00f3n simult\u00e1nea al portugu\u00e9s, espa\u00f1ol e ingl\u00e9s, y la inclusi\u00f3n de Libras, lo que garantizar\u00e1 un amplio acceso y participaci\u00f3n.<\/p>\n\n\n\n<p>SEDIT reafirma su compromiso con la excelencia y la innovaci\u00f3n en la comunicaci\u00f3n cient\u00edfica, democratizando el acceso al conocimiento y promoviendo una mayor interacci\u00f3n entre la comunidad acad\u00e9mica y el p\u00fablico en general.<\/p>\n\n\n\n<p>M\u00e1s informaci\u00f3n sobre los eventos en <em>sitio web<\/em>: <a href=\"https:\/\/ercim.ibict.br\/es\/\">https:\/\/ercim.ibict.br\/<\/a><\/p>","protected":false},"excerpt":{"rendered":"<p>II Encontro de Revistas em Ci\u00eancia da Informa\u00e7\u00e3o do Mercosul (II ERCIM) e I F\u00f3rum Internacional de Editores de Revistas [&hellip;]<\/p>","protected":false},"author":2,"featured_media":0,"parent":0,"menu_order":0,"comment_status":"closed","ping_status":"closed","template":"","meta":{"footnotes":""},"class_list":["post-990","page","type-page","status-publish","hentry"],"_links":{"self":[{"href":"https:\/\/ercim.ibict.br\/es\/wp-json\/wp\/v2\/pages\/990","targetHints":{"allow":["GET"]}}],"collection":[{"href":"https:\/\/ercim.ibict.br\/es\/wp-json\/wp\/v2\/pages"}],"about":[{"href":"https:\/\/ercim.ibict.br\/es\/wp-json\/wp\/v2\/types\/page"}],"author":[{"embeddable":true,"href":"https:\/\/ercim.ibict.br\/es\/wp-json\/wp\/v2\/users\/2"}],"replies":[{"embeddable":true,"href":"https:\/\/ercim.ibict.br\/es\/wp-json\/wp\/v2\/comments?post=990"}],"version-history":[{"count":0,"href":"https:\/\/ercim.ibict.br\/es\/wp-json\/wp\/v2\/pages\/990\/revisions"}],"wp:attachment":[{"href":"https:\/\/ercim.ibict.br\/es\/wp-json\/wp\/v2\/media?parent=990"}],"curies":[{"name":"wp","href":"https:\/\/api.w.org\/{rel}","templated":true}]}}