{"id":682,"date":"2024-06-10T09:41:42","date_gmt":"2024-06-10T12:41:42","guid":{"rendered":"https:\/\/ercim.ibict.br\/?page_id=682"},"modified":"2024-06-19T16:59:34","modified_gmt":"2024-06-19T19:59:34","slug":"a-inscricao","status":"publish","type":"page","link":"https:\/\/ercim.ibict.br\/es\/a-inscricao\/","title":{"rendered":"Inscripciones"},"content":{"rendered":"<p>Siga el <strong><a style=\"color:rgb(243 141 29)\" href=\"https:\/\/www.sympla.com.br\/evento\/ii-ercim-i-fierci-2024\/2499240?_gl=1*puiobt*_gcl_aw*R0NMLjE3MTU3MDcwMTguQ2p3S0NBandsNHl5QmhBZ0Vpd0FEU0VqZU9Qa2dIdHZpLTV5X1JOcE5wNHN4THN6Zm1oWFJybHZqam5Fb09nLTVFdHRLc0x2RzBHN2N4b0NJVFlRQXZEX0J3RQ..*_gcl_au*NDU0MzY3MjQuMTcxNTEwNzk5NA..*_ga*MTM3NDYzNjM3OC4xNzE1MTA3OTk1*_ga_KXH10SQTZF*MTcxNzc4MTM5MS40OS4xLjE3MTc3ODIwNzcuNjAuMC41Mzk3MjEzNjM.&amp;share_id=copiarlink\" data-type=\"link\" data-id=\"https:\/\/www.sympla.com.br\/evento\/ii-ercim-i-fierci-2024\/2499240?_gl=1*puiobt*_gcl_aw*R0NMLjE3MTU3MDcwMTguQ2p3S0NBandsNHl5QmhBZ0Vpd0FEU0VqZU9Qa2dIdHZpLTV5X1JOcE5wNHN4THN6Zm1oWFJybHZqam5Fb09nLTVFdHRLc0x2RzBHN2N4b0NJVFlRQXZEX0J3RQ..*_gcl_au*NDU0MzY3MjQuMTcxNTEwNzk5NA..*_ga*MTM3NDYzNjM3OC4xNzE1MTA3OTk1*_ga_KXH10SQTZF*MTcxNzc4MTM5MS40OS4xLjE3MTc3ODIwNzcuNjAuMC41Mzk3MjEzNjM.&amp;share_id=copiarlink\">enlace<\/a> <\/strong>II Encuentro de Revistas de Ciencias de la Informaci\u00f3n del Mercosur (ERCIM 2024) y el I Foro Internacional de Editores de Revistas Cient\u00edficas (FIERCI 2024) \u2013 del 10 al 13 de septiembre de 2024.<\/p>\n\n\n\n<p>A continuaci\u00f3n, se muestran los c\u00f3digos de descuento del 10% para este primer lote:<\/p>\n\n\n\n<p>Estudiantes: 20 entradas: <a href=\"https:\/\/www.sympla.com.br\/ii-ercim--i-fierci---2024__2499240?d=ESTUDANTE10OFF2024\" target=\"_blank\" rel=\"noreferrer noopener\">https:\/\/www.sympla.com.br\/ii-ercim&#8211;i-fierci&#8212;2024__2499240?d=ESTUDANTE10OFF2024<\/a> <\/p>\n\n\n\n<p>H\u00edbrido: 10 entradas: <a href=\"https:\/\/www.sympla.com.br\/ii-ercim--i-fierci---2024__2499240?d=HIBRIDO10OFF2024\" target=\"_blank\" rel=\"noreferrer noopener\">https:\/\/www.sympla.com.br\/ii-ercim&#8211;i-fierci&#8212;2024__2499240?d=HIBRIDO10OFF2024<\/a> <\/p>\n\n\n\n<p>Profesionales y p\u00fablico en general: 30 entradas: <a href=\"https:\/\/www.sympla.com.br\/ii-ercim--i-fierci---2024__2499240?d=PROFISSIONAISePG10OFF2024\" target=\"_blank\" rel=\"noreferrer noopener\">https:\/\/www.sympla.com.br\/ii-ercim&#8211;i-fierci&#8212;2024__2499240?d=PROFISSIONAISePG10OFF2024<\/a><\/p>\n\n\n\n<p><\/p>","protected":false},"excerpt":{"rendered":"<p>Segue o link do Sympla para a venda de ingressos do II Encontro de Revistas em Ci\u00eancia da Informa\u00e7\u00e3o do [&hellip;]<\/p>","protected":false},"author":2,"featured_media":0,"parent":0,"menu_order":0,"comment_status":"closed","ping_status":"closed","template":"","meta":{"footnotes":""},"class_list":["post-682","page","type-page","status-publish","hentry"],"_links":{"self":[{"href":"https:\/\/ercim.ibict.br\/es\/wp-json\/wp\/v2\/pages\/682","targetHints":{"allow":["GET"]}}],"collection":[{"href":"https:\/\/ercim.ibict.br\/es\/wp-json\/wp\/v2\/pages"}],"about":[{"href":"https:\/\/ercim.ibict.br\/es\/wp-json\/wp\/v2\/types\/page"}],"author":[{"embeddable":true,"href":"https:\/\/ercim.ibict.br\/es\/wp-json\/wp\/v2\/users\/2"}],"replies":[{"embeddable":true,"href":"https:\/\/ercim.ibict.br\/es\/wp-json\/wp\/v2\/comments?post=682"}],"version-history":[{"count":0,"href":"https:\/\/ercim.ibict.br\/es\/wp-json\/wp\/v2\/pages\/682\/revisions"}],"wp:attachment":[{"href":"https:\/\/ercim.ibict.br\/es\/wp-json\/wp\/v2\/media?parent=682"}],"curies":[{"name":"wp","href":"https:\/\/api.w.org\/{rel}","templated":true}]}}