{"id":27,"date":"2024-04-08T16:42:12","date_gmt":"2024-04-08T19:42:12","guid":{"rendered":"https:\/\/ercim.ibict.br\/?page_id=27"},"modified":"2024-08-09T11:08:40","modified_gmt":"2024-08-09T14:08:40","slug":"datas","status":"publish","type":"page","link":"https:\/\/ercim.ibict.br\/es\/datas\/","title":{"rendered":"Fechas"},"content":{"rendered":"<section id=\"datas\" class=\"my-5\">\n    <p style=\"font-size:14.5px; line-height: 23.2px;\">\n        Mant\u00e9ngase actualizado sobre las fechas importantes y la programaci\u00f3n detallada de nuestros Eventos: II ENCUENTRO DE REVISTAS EN CIENCIAS DE LA INFORMACI\u00d3N DEL MERCOSUR (II ERCIM) y I FORO INTERNACIONAL DE EDITORES DE REVISTAS CIENT\u00cdFICAS (I FIERCI). Consulta a continuaci\u00f3n el calendario y las actividades previstas para cada etapa, prepar\u00e1ndote para una experiencia enriquecedora e innovadora.\n    <\/p>\n    <div class=\"card-table\" style=\"margin: 2rem 0;\">\n    <div class=\"table-title\" style=\"text-align: center;\"><h3>II ENCUENTRO DE REVISTAS EN CIENCIAS DE LA INFORMACI\u00d3N DEL MERCOSUR (II ERCIM)\n<br>\nI FORO INTERNACIONAL DE EDITORES DE REVISTAS CIENT\u00cdFICAS (I FIERCI)\n<\/h3><\/div>\n        <div class=\"row\" style=\"align-items: center;\">\n            <table style=\"width: 100%; border-collapse: collapse;\">\n            \n                <tr style=\"background-color: #1867A9;\">\n                    <th style=\"width: 30%; color: #FFFFFF; border: 0.5rem solid #0C1D31; padding: 0.5rem;\">Actividades<\/th>\n                    <th style=\"width: 70%; color: #FFFFFF; border: 0.5rem solid #0C1D31; padding: 0.5rem;\">Fechas<\/th>\n                <\/tr>\n                <tr style=\"background-color: #719FD4;\">\n                    <td style=\"color:#0C1D31; font-size:14.5px; line-height: 21.75px; font-weight: 600; border: 0.5rem solid #0C1D31; padding: 0.5rem;\">\n                        Env\u00edo de trabajos (resumen ampliado)                       \n                    <\/td>\n                    <td style=\"color:#0C1D31; font-size:14.5px; line-height: 21.75px; font-weight: 400; border: 0.5rem solid #0C1D31; padding: 0.5rem;\">\n                        24\/07\/2024 a 20\/08\/2024\n                    <\/td>\n                <\/tr>\n                <tr style=\"background-color: #719FD4;\">\n                    <td style=\"color:#0C1D31; font-size:14.5px; line-height: 21.75px; font-weight: 600; border: 0.5rem solid #0C1D31; padding: 0.5rem;\">\n                        Evaluaci\u00f3n de ponencias\n                    <\/td>\n                    <td style=\"color:#0C1D31; font-size:14.5px; line-height: 21.75px; font-weight: 400; border: 0.5rem solid #0C1D31; padding: 0.5rem;\">\n                         25\/07\/2024 a 28\/08\/2024\n                    <\/td>\n                <\/tr>\n                <tr style=\"background-color: #719FD4;\">\n                    <td style=\"color:#0C1D31; font-size:14.5px; line-height: 21.75px; font-weight: 600; border: 0.5rem solid #0C1D31; padding: 0.5rem;\">\n                        Comunicado de ponencias aprobadas\n                    <\/td>\n                    <td style=\"color:#0C1D31; font-size:14.5px; line-height: 21.75px; font-weight: 400; border: 0.5rem solid #0C1D31; padding: 0.5rem;\">\n                        30\/08\/2024\n                    <\/td>\n                <\/tr>\n                <tr style=\"background-color: #719FD4;\">\n                    <td style=\"color:#0C1D31; font-size:14.5px; line-height: 21.75px; font-weight: 600; border: 0.5rem solid #0C1D31; padding: 0.5rem;\">\n                        Publicaci\u00f3n de la programaci\u00f3n final de presentaci\u00f3n de ponencias\n                    <\/td>\n                    <td style=\"color:#0C1D31; font-size:14.5px; line-height: 21.75px; font-weight: 400; border: 0.5rem solid #0C1D31; padding: 0.5rem;\">\n                       04\/09\/2024\n                    <\/td>\n                <\/tr>\n                \n            <\/table>\n        <\/div>\n    <\/div>\n    <p style=\"font-size:14.5px; line-height: 23.2px;\">\n       Accede y visite el <i>sitio web<\/i> peri\u00f3dicamente para obtener actualizaciones e informaci\u00f3n adicional sobre las actividades planificadas de los Eventos. \u00a1Prep\u00e1rese para un viaje \u00fanico e inspirador al mundo de las publicaciones cient\u00edficas!\n    <\/p>\n<\/section>","protected":false},"excerpt":{"rendered":"<p>Fique por dentro das datas importantes e da programa\u00e7\u00e3o detalhada dos nossos eventos: II ENCONTRO DE REVISTAS EM CI\u00caNCIA DA [&hellip;]<\/p>","protected":false},"author":1,"featured_media":0,"parent":0,"menu_order":0,"comment_status":"closed","ping_status":"closed","template":"","meta":{"footnotes":""},"class_list":["post-27","page","type-page","status-publish","hentry"],"_links":{"self":[{"href":"https:\/\/ercim.ibict.br\/es\/wp-json\/wp\/v2\/pages\/27","targetHints":{"allow":["GET"]}}],"collection":[{"href":"https:\/\/ercim.ibict.br\/es\/wp-json\/wp\/v2\/pages"}],"about":[{"href":"https:\/\/ercim.ibict.br\/es\/wp-json\/wp\/v2\/types\/page"}],"author":[{"embeddable":true,"href":"https:\/\/ercim.ibict.br\/es\/wp-json\/wp\/v2\/users\/1"}],"replies":[{"embeddable":true,"href":"https:\/\/ercim.ibict.br\/es\/wp-json\/wp\/v2\/comments?post=27"}],"version-history":[{"count":0,"href":"https:\/\/ercim.ibict.br\/es\/wp-json\/wp\/v2\/pages\/27\/revisions"}],"wp:attachment":[{"href":"https:\/\/ercim.ibict.br\/es\/wp-json\/wp\/v2\/media?parent=27"}],"curies":[{"name":"wp","href":"https:\/\/api.w.org\/{rel}","templated":true}]}}